{"id":28753,"date":"2025-11-21T15:06:04","date_gmt":"2025-11-21T15:06:04","guid":{"rendered":"https:\/\/atvadas.lv\/?post_type=product&#038;p=28753"},"modified":"2025-11-21T15:06:32","modified_gmt":"2025-11-21T15:06:32","slug":"seru-vainags-ar-roza-rozem","status":"publish","type":"product","link":"https:\/\/atvadas.lv\/lv\/prece\/seru-vainags-ar-roza-rozem","title":{"rendered":"S\u0113ru vainags ar roz\u0101 roz\u0113m"},"content":{"rendered":"<ul>\n<li>Modelis: V02<\/li>\n<li>Forma: 90cm diametrs<\/li>\n<li>Piez\u012bmes: Vainags ar roz\u0101 roz\u0113m. Maigs ziedu salikums. Cien\u012bgs l\u012bdzj\u016bt\u012bbas apliecin\u0101jums.<\/li>\n<\/ul>\n","protected":false},"excerpt":{"rendered":"<p>Modelis: V02 Forma: 90cm diametrs Piez\u012bmes: Vainags ar roz\u0101 roz\u0113m. Maigs ziedu salikums. Cien\u012bgs l\u012bdzj\u016bt\u012bbas apliecin\u0101jums.<\/p>\n","protected":false},"featured_media":28754,"comment_status":"closed","ping_status":"closed","template":"","meta":{"_eb_attr":"","_glsr_average":0,"_glsr_ranking":0,"_glsr_reviews":0},"product_brand":[],"product_cat":[56],"product_tag":[],"class_list":{"0":"post-28753","1":"product","2":"type-product","3":"status-publish","4":"has-post-thumbnail","6":"product_cat-seru-ziedi","8":"first","9":"instock","10":"taxable","11":"shipping-taxable","12":"purchasable","13":"product-type-simple"},"_links":{"self":[{"href":"https:\/\/atvadas.lv\/lv\/wp-json\/wp\/v2\/product\/28753","targetHints":{"allow":["GET"]}}],"collection":[{"href":"https:\/\/atvadas.lv\/lv\/wp-json\/wp\/v2\/product"}],"about":[{"href":"https:\/\/atvadas.lv\/lv\/wp-json\/wp\/v2\/types\/product"}],"replies":[{"embeddable":true,"href":"https:\/\/atvadas.lv\/lv\/wp-json\/wp\/v2\/comments?post=28753"}],"wp:featuredmedia":[{"embeddable":true,"href":"https:\/\/atvadas.lv\/lv\/wp-json\/wp\/v2\/media\/28754"}],"wp:attachment":[{"href":"https:\/\/atvadas.lv\/lv\/wp-json\/wp\/v2\/media?parent=28753"}],"wp:term":[{"taxonomy":"product_brand","embeddable":true,"href":"https:\/\/atvadas.lv\/lv\/wp-json\/wp\/v2\/product_brand?post=28753"},{"taxonomy":"product_cat","embeddable":true,"href":"https:\/\/atvadas.lv\/lv\/wp-json\/wp\/v2\/product_cat?post=28753"},{"taxonomy":"product_tag","embeddable":true,"href":"https:\/\/atvadas.lv\/lv\/wp-json\/wp\/v2\/product_tag?post=28753"}],"curies":[{"name":"wp","href":"https:\/\/api.w.org\/{rel}","templated":true}]}}