{"id":28751,"date":"2025-11-21T15:03:57","date_gmt":"2025-11-21T15:03:57","guid":{"rendered":"https:\/\/atvadas.lv\/?post_type=product&#038;p=28751"},"modified":"2026-02-27T13:09:42","modified_gmt":"2026-02-27T13:09:42","slug":"seru-vainags-rozes-gerberas","status":"publish","type":"product","link":"https:\/\/atvadas.lv\/lv\/prece\/seru-vainags-rozes-gerberas","title":{"rendered":"S\u0113ru vainags rozes, gerberas"},"content":{"rendered":"<ul>\n<li>Modelis: V01<\/li>\n<li>Numurs: 1<\/li>\n<li>Forma: 90cm diametrs<\/li>\n<li>Piez\u012bmes: Vainags ar svaig\u0101m roz\u0113m un gerber\u0101m. R\u016bp\u012bgi salikta kompoz\u012bcija. Piem\u0113rots atvadu ceremonijai.<\/li>\n<\/ul>\n","protected":false},"excerpt":{"rendered":"<p>Modelis: V01 Numurs: 1 Forma: 90cm diametrs Piez\u012bmes: Vainags ar svaig\u0101m roz\u0113m un gerber\u0101m. R\u016bp\u012bgi salikta kompoz\u012bcija. Piem\u0113rots atvadu ceremonijai.<\/p>\n","protected":false},"featured_media":28752,"comment_status":"closed","ping_status":"closed","template":"","meta":{"_eb_attr":"","_glsr_average":0,"_glsr_ranking":0,"_glsr_reviews":0},"product_brand":[],"product_cat":[56],"product_tag":[],"class_list":{"0":"post-28751","1":"product","2":"type-product","3":"status-publish","4":"has-post-thumbnail","6":"product_cat-seru-ziedi","8":"first","9":"instock","10":"taxable","11":"shipping-taxable","12":"purchasable","13":"product-type-simple"},"_links":{"self":[{"href":"https:\/\/atvadas.lv\/lv\/wp-json\/wp\/v2\/product\/28751","targetHints":{"allow":["GET"]}}],"collection":[{"href":"https:\/\/atvadas.lv\/lv\/wp-json\/wp\/v2\/product"}],"about":[{"href":"https:\/\/atvadas.lv\/lv\/wp-json\/wp\/v2\/types\/product"}],"replies":[{"embeddable":true,"href":"https:\/\/atvadas.lv\/lv\/wp-json\/wp\/v2\/comments?post=28751"}],"wp:featuredmedia":[{"embeddable":true,"href":"https:\/\/atvadas.lv\/lv\/wp-json\/wp\/v2\/media\/28752"}],"wp:attachment":[{"href":"https:\/\/atvadas.lv\/lv\/wp-json\/wp\/v2\/media?parent=28751"}],"wp:term":[{"taxonomy":"product_brand","embeddable":true,"href":"https:\/\/atvadas.lv\/lv\/wp-json\/wp\/v2\/product_brand?post=28751"},{"taxonomy":"product_cat","embeddable":true,"href":"https:\/\/atvadas.lv\/lv\/wp-json\/wp\/v2\/product_cat?post=28751"},{"taxonomy":"product_tag","embeddable":true,"href":"https:\/\/atvadas.lv\/lv\/wp-json\/wp\/v2\/product_tag?post=28751"}],"curies":[{"name":"wp","href":"https:\/\/api.w.org\/{rel}","templated":true}]}}