{"id":28214,"date":"2025-09-15T10:54:00","date_gmt":"2025-09-15T10:54:00","guid":{"rendered":"https:\/\/atvadas.lv\/?page_id=28214"},"modified":"2026-02-03T14:44:55","modified_gmt":"2026-02-03T14:44:55","slug":"apbedisanas-polise","status":"publish","type":"page","link":"https:\/\/atvadas.lv\/lv\/apbedisanas-polise","title":{"rendered":"Apbed\u012b\u0161anas polise"},"content":{"rendered":"\t\t<div data-elementor-type=\"wp-page\" data-elementor-id=\"28214\" class=\"elementor elementor-28214\" data-elementor-post-type=\"page\">\n\t\t\t\t<div class=\"elementor-element elementor-element-67e873b e-flex e-con-boxed e-con e-child\" data-id=\"67e873b\" data-element_type=\"container\" data-e-type=\"container\">\n\t\t\t\t\t<div class=\"e-con-inner\">\n\t\t\t\t<div class=\"elementor-element elementor-element-df81dbc elementor-widget__width-auto elementor-widget elementor-widget-global elementor-global-29181 elementor-widget-shortcode\" data-id=\"df81dbc\" data-element_type=\"widget\" data-e-type=\"widget\" data-widget_type=\"shortcode.default\">\n\t\t\t\t\t\t\t<div class=\"elementor-shortcode\"><nav aria-label=\"breadcrumbs\" class=\"rank-math-breadcrumb\"><p><span class=\"last\">S\u0101kums<\/span><\/p><\/nav><\/div>\n\t\t\t\t\t\t<\/div>\n\t\t\t\t<div class=\"elementor-element elementor-element-6d206aa heading-main elementor-widget elementor-widget-heading\" data-id=\"6d206aa\" data-element_type=\"widget\" data-e-type=\"widget\" data-widget_type=\"heading.default\">\n\t\t\t\t\t<h1 class=\"elementor-heading-title elementor-size-default\">Apbed\u012b\u0161anas polise<\/h1>\t\t\t\t<\/div>\n\t\t<div class=\"elementor-element elementor-element-ea98b24 e-con-full e-flex e-con e-child\" data-id=\"ea98b24\" data-element_type=\"container\" data-e-type=\"container\">\n\t\t<div class=\"elementor-element elementor-element-af81b24 e-con-full e-flex e-con e-child\" data-id=\"af81b24\" data-element_type=\"container\" data-e-type=\"container\" data-settings=\"{&quot;background_background&quot;:&quot;classic&quot;}\">\n\t\t\t\t<\/div>\n\t\t<div class=\"elementor-element elementor-element-b2d64cb e-con-full e-flex e-con e-child\" data-id=\"b2d64cb\" data-element_type=\"container\" data-e-type=\"container\">\n\t\t<div class=\"elementor-element elementor-element-2c5875b e-con-full e-flex e-con e-child\" data-id=\"2c5875b\" data-element_type=\"container\" data-e-type=\"container\">\n\t\t\t\t<div class=\"elementor-element elementor-element-127ef03 elementor-widget elementor-widget-global elementor-global-28216 elementor-widget-text-editor\" data-id=\"127ef03\" data-element_type=\"widget\" data-e-type=\"widget\" data-widget_type=\"text-editor.default\">\n\t\t\t\t\t\t\t\t\t<p class=\"cvGsUA direction-ltr align-start para-style-body\"><span class=\"OYPEnA font-feature-liga-off font-feature-clig-off font-feature-calt-off text-decoration-none text-strikethrough-none\">Apbed\u012b\u0161anas polise ir dokuments, saska\u0146\u0101 ar kuru apbed\u012b\u0161anas un krem\u0101cijas centrs &#8220;ATVADAS&#8221; ap\u0146emas veikt b\u0113res vai krem\u0101ciju uz apbed\u012b\u0161anas pabalsta r\u0113\u0137ina.<\/span><\/p><p class=\"cvGsUA direction-ltr align-start para-style-body\"><strong><span class=\"OYPEnA font-feature-liga-off font-feature-clig-off font-feature-calt-off text-decoration-none text-strikethrough-none\">Kompleks\u0101<\/span><\/strong><span class=\"OYPEnA font-feature-liga-off font-feature-clig-off font-feature-calt-off text-decoration-none text-strikethrough-none\">, uz apbed\u012b\u0161anas pabalsta r\u0113\u0137ina (neatkar\u012bgi no pabalsta apm\u0113ra) <\/span><span class=\"OYPEnA font-feature-liga-off font-feature-clig-off font-feature-calt-off text-decoration-none text-strikethrough-none\">ietilpst<\/span><span class=\"OYPEnA font-feature-liga-off font-feature-clig-off font-feature-calt-off text-decoration-none text-strikethrough-none\">:<\/span><\/p><ul><li><span class=\"OYPEnA font-feature-liga-off font-feature-clig-off font-feature-calt-off text-decoration-none text-strikethrough-none\">nelai\u0137a nog\u0101d\u0101\u0161ana un saglab\u0101\u0161ana morg\u0101<\/span><\/li><li><span class=\"OYPEnA font-feature-liga-off font-feature-clig-off font-feature-calt-off text-decoration-none text-strikethrough-none\">miru\u0161\u0101 sanit\u0101r\u0101 apkope un \u0123\u0113rb\u0161ana<\/span><\/li><li><span class=\"OYPEnA font-feature-liga-off font-feature-clig-off font-feature-calt-off text-decoration-none text-strikethrough-none\">z\u0101rks apvilkts ar audumu<\/span><\/li><li><span class=\"OYPEnA font-feature-liga-off font-feature-clig-off font-feature-calt-off text-decoration-none text-strikethrough-none\">kapa vietas sagatavo\u0161ana<\/span><\/li><li><span class=\"OYPEnA font-feature-liga-off font-feature-clig-off font-feature-calt-off text-decoration-none text-strikethrough-none\">z\u0101rka transport\u0113\u0161ana ar nelai\u0137i uz kaps\u0113tu<\/span><\/li><li><span class=\"OYPEnA font-feature-liga-off font-feature-clig-off font-feature-calt-off text-decoration-none text-strikethrough-none\">apbed\u012b\u0161ana vai krem\u0101cija<\/span><\/li><li><span class=\"OYPEnA font-feature-liga-off font-feature-clig-off font-feature-calt-off text-decoration-none text-strikethrough-none\">dokumentu noform\u0113\u0161ana<\/span><\/li><\/ul><p class=\"cvGsUA direction-ltr align-start para-style-body\"><span class=\"OYPEnA font-feature-liga-off font-feature-clig-off font-feature-calt-off text-decoration-none text-strikethrough-none\">Ja sniegto pakalpojumu summa ir maz\u0101ka par apbed\u012b\u0161anas un krem\u0101cijas centra &#8220;ATVADAS&#8221; apbed\u012b\u0161anas pabalsta sa\u0146emto summu,<\/span> <span class=\"OYPEnA font-feature-liga-off font-feature-clig-off font-feature-calt-off text-decoration-none text-strikethrough-none\">starp\u012bba tiek atgriezta b\u0113ru pas\u016bt\u012bt\u0101jam.<\/span><\/p><p class=\"cvGsUA direction-ltr align-start para-style-body\"><span class=\"OYPEnA font-feature-liga-off font-feature-clig-off font-feature-calt-off text-decoration-none text-strikethrough-none\">B\u0113ru pas\u016bt\u012bt\u0101js var ar\u012b papildus pas\u016bt\u012bt jebkurus apbed\u012b\u0161anas pakalpojumus par atsevi\u0161\u0137u samaksu.<\/span><\/p><p class=\"cvGsUA direction-ltr align-start para-style-body\"><span class=\"OYPEnA font-feature-liga-off font-feature-clig-off font-feature-calt-off text-decoration-none text-strikethrough-none\">Polise dod atlaidi papildus pakalpojumiem l\u012bdz 10%<\/span><\/p><p class=\"cvGsUA direction-ltr align-start para-style-body\"><span class=\"OYPEnA font-feature-liga-off font-feature-clig-off font-feature-calt-off text-decoration-none text-strikethrough-none\">\u00a0<\/span><\/p><p class=\"cvGsUA direction-ltr align-start para-style-body\"><span class=\"OYPEnA font-feature-liga-off font-feature-clig-off font-feature-calt-off text-decoration-none text-strikethrough-none\">Polises izmaksa &#8211;\u00a0<\/span><span style=\"color: var( --e-global-color-1b2f886 );\">Bezmaksas<\/span><\/p>\t\t\t\t\t\t\t\t<\/div>\n\t\t\t\t<\/div>\n\t\t<div class=\"elementor-element elementor-element-ed8b01b e-con-full e-flex e-con e-child\" data-id=\"ed8b01b\" data-element_type=\"container\" data-e-type=\"container\">\n\t\t\t\t<div class=\"elementor-element elementor-element-0b4fd5e elementor-widget elementor-widget-heading\" data-id=\"0b4fd5e\" data-element_type=\"widget\" data-e-type=\"widget\" data-widget_type=\"heading.default\">\n\t\t\t\t\t<h3 class=\"elementor-heading-title elementor-size-default\">Lai pieteiktos, l\u016bdzu, aizpildiet t\u0101l\u0101k nor\u0101d\u012btos laukus<\/h3>\t\t\t\t<\/div>\n\t\t\t\t<div class=\"elementor-element elementor-element-d46f3d9 elementor-button-align-stretch elementor-widget elementor-widget-global elementor-global-28642 elementor-widget-form\" data-id=\"d46f3d9\" data-element_type=\"widget\" data-e-type=\"widget\" data-settings=\"{&quot;step_next_label&quot;:&quot;T\\u0101l\\u0101k&quot;,&quot;step_previous_label&quot;:&quot;Iepriek\\u0161&quot;,&quot;button_width&quot;:&quot;100&quot;,&quot;step_type&quot;:&quot;number_text&quot;,&quot;step_icon_shape&quot;:&quot;circle&quot;}\" data-widget_type=\"form.default\">\n\t\t\t\t\t\t\t<form class=\"elementor-form\" method=\"post\" name=\"Apbed\u012b\u0161anas polises pieteikums\" aria-label=\"Apbed\u012b\u0161anas polises pieteikums\">\n\t\t\t<input type=\"hidden\" name=\"post_id\" value=\"28214\"\/>\n\t\t\t<input type=\"hidden\" name=\"form_id\" value=\"d46f3d9\"\/>\n\t\t\t<input type=\"hidden\" name=\"referer_title\" value=\"\" \/>\n\n\t\t\t\n\t\t\t<div class=\"elementor-form-fields-wrapper elementor-labels-above\">\n\t\t\t\t\t\t\t\t<div class=\"elementor-field-type-text\">\n\t\t\t\t\t<input size=\"1\" type=\"text\" name=\"form_fields[field_efd155d]\" id=\"form-field-field_efd155d\" class=\"elementor-field elementor-size-sm \" style=\"display:none !important;\">\t\t\t\t<\/div>\n\t\t\t\t\t\t\t\t<div class=\"elementor-field-type-text elementor-field-group elementor-column elementor-field-group-name elementor-col-50 elementor-field-required\">\n\t\t\t\t\t\t\t\t\t\t\t\t\t<input size=\"1\" type=\"text\" name=\"form_fields[name]\" id=\"form-field-name\" class=\"elementor-field elementor-size-sm  elementor-field-textual\" placeholder=\"Apdro\u0161in\u0101\u0161anas \u0146\u0113m\u0113ja v\u0101rds un uzv\u0101rds\" required=\"required\">\n\t\t\t\t\t\t\t\t\t\t\t<\/div>\n\t\t\t\t\t\t\t\t<div class=\"elementor-field-type-text elementor-field-group elementor-column elementor-field-group-field_d42b9b6 elementor-col-50 elementor-field-required\">\n\t\t\t\t\t\t\t\t\t\t\t\t\t<input size=\"1\" type=\"text\" name=\"form_fields[field_d42b9b6]\" id=\"form-field-field_d42b9b6\" class=\"elementor-field elementor-size-sm  elementor-field-textual\" placeholder=\"Personas kods\" required=\"required\">\n\t\t\t\t\t\t\t\t\t\t\t<\/div>\n\t\t\t\t\t\t\t\t<div class=\"elementor-field-type-text\">\n\t\t\t\t\t<input size=\"1\" type=\"text\" name=\"form_fields[field_6aa3ff6]\" id=\"form-field-field_6aa3ff6\" class=\"elementor-field elementor-size-sm \" style=\"display:none !important;\">\t\t\t\t<\/div>\n\t\t\t\t\t\t\t\t<div class=\"elementor-field-type-tel elementor-field-group elementor-column elementor-field-group-field_180c48b elementor-col-50\">\n\t\t\t\t\t\t\t<input size=\"1\" type=\"tel\" name=\"form_fields[field_180c48b]\" id=\"form-field-field_180c48b\" class=\"elementor-field elementor-size-sm  elementor-field-textual\" placeholder=\"Telefona nr.\" pattern=\"[0-9()#&amp;+*-=.]+\" title=\"Only numbers and phone characters (#, -, *, etc) are accepted.\">\n\n\t\t\t\t\t\t<\/div>\n\t\t\t\t\t\t\t\t<div class=\"elementor-field-type-email elementor-field-group elementor-column elementor-field-group-email elementor-col-50 elementor-field-required\">\n\t\t\t\t\t\t\t\t\t\t\t\t\t<input size=\"1\" type=\"email\" name=\"form_fields[email]\" id=\"form-field-email\" class=\"elementor-field elementor-size-sm  elementor-field-textual\" placeholder=\"E-pasta adrese polisei un r\u0113\u0137inam\" required=\"required\">\n\t\t\t\t\t\t\t\t\t\t\t<\/div>\n\t\t\t\t\t\t\t\t<div class=\"elementor-field-type-text\">\n\t\t\t\t\t<input size=\"1\" type=\"text\" name=\"form_fields[field_c267c4a]\" id=\"form-field-field_c267c4a\" class=\"elementor-field elementor-size-sm \" style=\"display:none !important;\">\t\t\t\t<\/div>\n\t\t\t\t\t\t\t\t<div class=\"elementor-field-type-acceptance elementor-field-group elementor-column elementor-field-group-field_d65d3cf elementor-col-100 elementor-field-required\">\n\t\t\t\t\t\t\t<div class=\"elementor-field-subgroup\">\n\t\t\t<span class=\"elementor-field-option\">\n\t\t\t\t<input type=\"checkbox\" name=\"form_fields[field_d65d3cf]\" id=\"form-field-field_d65d3cf\" class=\"elementor-field elementor-size-sm  elementor-acceptance-field\" required=\"required\">\n\t\t\t\t<label for=\"form-field-field_d65d3cf\">Piekr\u012btu <a href=\"https:\/\/atvadas.lv\/lv\/privatuma-politika\" target=\"_blank\">priv\u0101tuma politikai<\/a><\/label>\t\t\t<\/span>\n\t\t<\/div>\n\t\t\t\t\t\t<\/div>\n\t\t\t\t\t\t\t\t<div class=\"elementor-field-type-recaptcha_v3 elementor-field-group elementor-column elementor-field-group-field_feb8106 elementor-col-100 recaptcha_v3-inline\">\n\t\t\t\t\t<div class=\"elementor-field\" id=\"form-field-field_feb8106\"><div class=\"elementor-g-recaptcha\" data-sitekey=\"6LeTfgMsAAAAAN66MFGw5aJoRCQau1v_7MRuHA7a\" data-type=\"v3\" data-action=\"Form\" data-badge=\"inline\" data-size=\"invisible\"><\/div><\/div>\t\t\t\t<\/div>\n\t\t\t\t\t\t\t\t<div class=\"elementor-field-group elementor-column elementor-field-type-submit elementor-col-100 e-form__buttons\">\n\t\t\t\t\t<button class=\"elementor-button elementor-size-sm\" type=\"submit\">\n\t\t\t\t\t\t<span class=\"elementor-button-content-wrapper\">\n\t\t\t\t\t\t\t\t\t\t\t\t\t\t\t\t\t\t\t\t\t\t<span class=\"elementor-button-text\">PIETEIKT POLISI<\/span>\n\t\t\t\t\t\t\t\t\t\t\t\t\t<\/span>\n\t\t\t\t\t<\/button>\n\t\t\t\t<\/div>\n\t\t\t<\/div>\n\t\t<\/form>\n\t\t\t\t\t\t<\/div>\n\t\t\t\t<\/div>\n\t\t\t\t<\/div>\n\t\t\t\t<\/div>\n\t\t\t\t\t<\/div>\n\t\t\t\t<\/div>\n\t\t\t\t<\/div>\n\t\t","protected":false},"excerpt":{"rendered":"<p>Apbed\u012b\u0161anas polise Apbed\u012b\u0161anas polise ir dokuments, saska\u0146\u0101 ar kuru apbed\u012b\u0161anas un krem\u0101cijas centrs &#8220;ATVADAS&#8221; ap\u0146emas veikt b\u0113res vai krem\u0101ciju uz apbed\u012b\u0161anas pabalsta r\u0113\u0137ina. Kompleks\u0101, uz apbed\u012b\u0161anas pabalsta r\u0113\u0137ina (neatkar\u012bgi no pabalsta apm\u0113ra) ietilpst: nelai\u0137a nog\u0101d\u0101\u0161ana un saglab\u0101\u0161ana morg\u0101 miru\u0161\u0101 sanit\u0101r\u0101 apkope un \u0123\u0113rb\u0161ana z\u0101rks apvilkts ar audumu kapa vietas sagatavo\u0161ana z\u0101rka transport\u0113\u0161ana ar nelai\u0137i uz [&hellip;]<\/p>\n","protected":false},"author":1,"featured_media":0,"parent":0,"menu_order":0,"comment_status":"closed","ping_status":"closed","template":"","meta":{"_eb_attr":"","_glsr_average":0,"_glsr_ranking":0,"_glsr_reviews":0,"footnotes":""},"class_list":["post-28214","page","type-page","status-publish","hentry"],"_links":{"self":[{"href":"https:\/\/atvadas.lv\/lv\/wp-json\/wp\/v2\/pages\/28214","targetHints":{"allow":["GET"]}}],"collection":[{"href":"https:\/\/atvadas.lv\/lv\/wp-json\/wp\/v2\/pages"}],"about":[{"href":"https:\/\/atvadas.lv\/lv\/wp-json\/wp\/v2\/types\/page"}],"author":[{"embeddable":true,"href":"https:\/\/atvadas.lv\/lv\/wp-json\/wp\/v2\/users\/1"}],"replies":[{"embeddable":true,"href":"https:\/\/atvadas.lv\/lv\/wp-json\/wp\/v2\/comments?post=28214"}],"version-history":[{"count":0,"href":"https:\/\/atvadas.lv\/lv\/wp-json\/wp\/v2\/pages\/28214\/revisions"}],"wp:attachment":[{"href":"https:\/\/atvadas.lv\/lv\/wp-json\/wp\/v2\/media?parent=28214"}],"curies":[{"name":"wp","href":"https:\/\/api.w.org\/{rel}","templated":true}]}}