{"id":13349,"date":"2024-06-06T11:03:16","date_gmt":"2024-06-06T11:03:16","guid":{"rendered":"https:\/\/atvadas.lv\/?page_id=13349"},"modified":"2025-09-23T15:49:45","modified_gmt":"2025-09-23T15:49:45","slug":"lietosanas-noteikumi","status":"publish","type":"page","link":"https:\/\/atvadas.lv\/lv\/lietosanas-noteikumi","title":{"rendered":"Lieto\u0161anas noteikumi"},"content":{"rendered":"\t\t<div data-elementor-type=\"wp-page\" data-elementor-id=\"13349\" class=\"elementor elementor-13349\" data-elementor-post-type=\"page\">\n\t\t\t\t\t\t<section class=\"elementor-section elementor-top-section elementor-element elementor-element-b46838a elementor-section-boxed elementor-section-height-default elementor-section-height-default\" data-id=\"b46838a\" data-element_type=\"section\" data-e-type=\"section\">\n\t\t\t\t\t\t<div class=\"elementor-container elementor-column-gap-default\">\n\t\t\t\t\t<div class=\"elementor-column elementor-col-100 elementor-top-column elementor-element elementor-element-12bb3cc\" data-id=\"12bb3cc\" data-element_type=\"column\" data-e-type=\"column\">\n\t\t\t<div class=\"elementor-widget-wrap elementor-element-populated\">\n\t\t\t\t\t\t<div class=\"elementor-element elementor-element-51889ca elementor-widget elementor-widget-heading\" data-id=\"51889ca\" data-element_type=\"widget\" data-e-type=\"widget\" data-widget_type=\"heading.default\">\n\t\t\t\t\t<h1 class=\"elementor-heading-title elementor-size-default\">M\u016bsu lieto\u0161anas noteikumi<\/h1>\t\t\t\t<\/div>\n\t\t\t\t<div class=\"elementor-element elementor-element-0ea3a68 elementor-widget elementor-widget-heading\" data-id=\"0ea3a68\" data-element_type=\"widget\" data-e-type=\"widget\" data-widget_type=\"heading.default\">\n\t\t\t\t\t<h2 class=\"elementor-heading-title elementor-size-default\">J\u0113dzieni<\/h2>\t\t\t\t<\/div>\n\t\t\t\t<div class=\"elementor-element elementor-element-9396f75 elementor-widget elementor-widget-text-editor\" data-id=\"9396f75\" data-element_type=\"widget\" data-e-type=\"widget\" data-widget_type=\"text-editor.default\">\n\t\t\t\t\t\t\t\t\t<p>\u201cP\u0101rdev\u0113js\u201d \u2013 Pre\u010du pas\u016bt\u012bjum\u0101 nor\u0101d\u012bt\u0101 fizisk\u0101 vai juridisk\u0101 persona, kuras preces tiek p\u0101rdotas vietn\u0113 www.atvadas.lv saska\u0146\u0101 ar \u0161iem Noteikumiem un kur\u0161 ir atbild\u012bgs par Pirc\u0113ja pas\u016bt\u012bjuma izpildi. Pre\u010du pas\u016bt\u012bjum\u0101 j\u0101nor\u0101da P\u0101rdev\u0113ja, ar kuru tiek nosl\u0113gts attiec\u012bg\u0101s preces pirkuma l\u012bgums saska\u0146\u0101 ar \u0161iem Noteikumiem, rekviz\u012bti.<\/p><p>\u201cPirc\u0113js\u201d \u2013 1) r\u012bc\u012bbsp\u0113j\u012bga fiziska persona, t. i., persona, kura ir pilngad\u012bga un kuras r\u012bc\u012bbsp\u0113ja nav ierobe\u017eota ar tiesas spriedumu; 2) nepilngad\u012bga persona vecum\u0101 no \u010detrpadsmit l\u012bdz asto\u0146padsmit gadiem, kam ir vec\u0101ku vai aizbild\u0146u piekri\u0161ana, iz\u0146emot gad\u012bjumus, kad personai ir pie\u0161\u0137irta pilngad\u012bba pirms termi\u0146a vai persona ir uzskat\u0101ma par pilngad\u012bgu; 3) juridiska persona.<\/p>\t\t\t\t\t\t\t\t<\/div>\n\t\t\t\t<div class=\"elementor-element elementor-element-485801a elementor-widget elementor-widget-heading\" data-id=\"485801a\" data-element_type=\"widget\" data-e-type=\"widget\" data-widget_type=\"heading.default\">\n\t\t\t\t\t<h2 class=\"elementor-heading-title elementor-size-default\">Pre\u010du pas\u016bt\u012b\u0161ana, pirkuma l\u012bguma tiesisko attiec\u012bbu nodibin\u0101\u0161anas br\u012bdis<\/h2>\t\t\t\t<\/div>\n\t\t\t\t<div class=\"elementor-element elementor-element-26105ef elementor-widget elementor-widget-text-editor\" data-id=\"26105ef\" data-element_type=\"widget\" data-e-type=\"widget\" data-widget_type=\"text-editor.default\">\n\t\t\t\t\t\t\t\t\t<div class=\"wp-block-paragraph-wrapper\">\u201cPersonas dati\u201d \u2013 jebk\u0101da inform\u0101cija par identific\u0113tu vai identific\u0113jamu fizisku personu (datu subjektu); identific\u0113ta vai identific\u0113jama fiziska persona ir persona, kuru tie\u0161i vai netie\u0161i var identific\u0113t vispirms p\u0113c t\u0101diem identifikatoriem k\u0101 v\u0101rds un uzv\u0101rds, personas kods, atra\u0161an\u0101s vietas dati un interneta identifikators vai p\u0113c vienas vai vair\u0101k\u0101m personas fizisk\u0101s, fiziolo\u0123isk\u0101s, \u0123en\u0113tisk\u0101s, psihisk\u0101s, ekonomisk\u0101s, kult\u016bras vai soci\u0101l\u0101s identit\u0101tes paz\u012bm\u0113m.<\/div><div>\u00a0<\/div><div>\u201cNoteikumi\u201d \u2013 \u0161ie \u201ePre\u010du pirk\u0161anas-p\u0101rdo\u0161anas noteikumi vietn\u0113 <a href=\"https:\/\/atvadas.lv\/\">www.atvadas.lv<\/a>, kas attiecas uz katru Pirc\u0113ja veikto pirkumu un katru pirkuma l\u012bgumu starp Pirc\u0113ju un P\u0101rdev\u0113ju.<\/div><div>\u00a0<\/div><div>\u201cPriv\u0101tuma politika\u201d \u2013 <a href=\"https:\/\/atvadas.lv\/\">www.atvadas.lv<\/a> apstiprin\u0101ts dokuments, kur\u0101 ietverti pamatnoteikumi Personas datu v\u0101k\u0161anai, glab\u0101\u0161anai, apstr\u0101dei un glab\u0101\u0161anai, izmantojot priv\u0101tuma politika neattiecas uz Personas datu apstr\u0101di, ja \u0161os datus apstr\u0101d\u0101 P\u0101rdev\u0113js. Personas datu apstr\u0101de, kuru veic P\u0101rdev\u0113js, notiek saska\u0146\u0101 ar P\u0101rdev\u0113ja noteikto k\u0101rt\u012bbu. Pirms pre\u010du ieg\u0101des un \u0161\u012b l\u012bguma nosl\u0113g\u0161anas ar P\u0101rdev\u0113ju Pirc\u0113jam ir r\u016bp\u012bgi j\u0101iepaz\u012bstas ar P\u0101rdev\u0113ja personas datu apstr\u0101des politiku.<\/div>\t\t\t\t\t\t\t\t<\/div>\n\t\t\t\t<div class=\"elementor-element elementor-element-cadc854 elementor-widget elementor-widget-heading\" data-id=\"cadc854\" data-element_type=\"widget\" data-e-type=\"widget\" data-widget_type=\"heading.default\">\n\t\t\t\t\t<h2 class=\"elementor-heading-title elementor-size-default\">Pre\u010du pas\u016bt\u012b\u0161ana, pirkuma l\u012bguma tiesisko attiec\u012bbu nodibin\u0101\u0161anas br\u012bdis\n<\/h2>\t\t\t\t<\/div>\n\t\t\t\t<div class=\"elementor-element elementor-element-dacbfb1 elementor-widget elementor-widget-text-editor\" data-id=\"dacbfb1\" data-element_type=\"widget\" data-e-type=\"widget\" data-widget_type=\"text-editor.default\">\n\t\t\t\t\t\t\t\t\t<p>Pirc\u0113js var pas\u016bt\u012bt preces www.atvadas.lv vien\u0101 no \u0161iem veidiem:<\/p><ul><li>nere\u0123istr\u0113joties tie\u0161saist\u0113 <a href=\"https:\/\/atvadas.lv\/\">www.atvadas.lv<\/a><\/li><li>pa t\u0101lruni;<\/li><li>veikal\u0101<\/li><\/ul><p>\u00a0<\/p><p>\u00a0Pas\u016btot preces vien\u0101 no Noteikumos nor\u0101d\u012btajiem veidiem, Pirc\u0113jam sist\u0113mas attiec\u012bgajos inform\u0101cijas laukos j\u0101nor\u0101da savi pas\u016bt\u012bjuma pareizai izpildei nepiecie\u0161amie Personas dati, kurus www.atvadas.lv apstr\u0101d\u0101 Priv\u0101tuma politikas noteiktaj\u0101 k\u0101rt\u012bb\u0101.<strong><br \/><\/strong><\/p><p>Pa t\u0101lruni vai Veikalos veiktie pre\u010du pas\u016bt\u012bjumi tiek izpild\u012bti Noteikumos noteiktaj\u0101 k\u0101rt\u012bb\u0101, un tiem tiek piem\u0113roti Priv\u0101tuma politikas noteikumi. Veicot pas\u016bt\u012bjumu, Pirc\u0113js piekr\u012bt Noteikumiem un to piem\u0113ro\u0161anai.<\/p><p>Kad Pirc\u0113js ir izv\u0113l\u0113jies preci vai pakalpojumu, izveidojis pre\u010du grozu un izpild\u012bjis visas pas\u016bt\u012bjuma darb\u012bbas, no kur\u0101m p\u0113d\u0113j\u0101 ir maks\u0101juma veida izv\u0113le un apstiprin\u0101\u0161ana, tiek uzskat\u012bts, ka starp P\u0101rdev\u0113ju un Pirc\u0113ju ir nodibin\u0101tas pirkuma tiesisk\u0101s attiec\u012bbas un ir nosl\u0113gts pirkuma l\u012bgums. Pirc\u0113js tiek inform\u0113ts par pas\u016bt\u012bjuma apstiprin\u0101\u0161anu, nos\u016btot pazi\u0146ojumu uz Pirc\u0113ja nor\u0101d\u012bto e-pastu. P\u0101rdev\u0113js nos\u016bta Pirc\u0113jam saiti uz sp\u0113k\u0101 eso\u0161ajiem Noteikumiem un pas\u016bt\u012bjuma apstiprin\u0101jumu uz Pirc\u0113ja nor\u0101d\u012bto uz e-pasta adresi<\/p><p>Apstiprinot Noteikumus, Pirc\u0113js piekr\u012bt, ka vi\u0146a pas\u016bt\u012bt\u0101s preces instrukcija latvie\u0161u valod\u0101 tiek pieg\u0101d\u0101ta ne v\u0113l\u0101k k\u0101 preces pieg\u0101des br\u012bd\u012b uz Pirc\u0113ja nor\u0101d\u012bto uz e-pasta adresi. Visa b\u016btisk\u0101 inform\u0101cija par preci un t\u0101s \u012bpa\u0161\u012bb\u0101m ir dota preces aprakst\u0101 <a href=\"https:\/\/atvadas.lv\/\">www.atvadas.lv.<\/a><\/p><p>Katrs Pirc\u0113ja pas\u016bt\u012bjums tiek saglab\u0101ts <a href=\"https:\/\/atvadas.lv\/\">www.atvadas.lv<\/a> un P\u0101rdev\u0113ja datub\u0101z\u0113 to Priv\u0101tuma politikas noteiktaj\u0101 k\u0101rt\u012bb\u0101.<\/p>\t\t\t\t\t\t\t\t<\/div>\n\t\t\t\t<div class=\"elementor-element elementor-element-cf52b6b elementor-widget elementor-widget-heading\" data-id=\"cf52b6b\" data-element_type=\"widget\" data-e-type=\"widget\" data-widget_type=\"heading.default\">\n\t\t\t\t\t<h2 class=\"elementor-heading-title elementor-size-default\">Pirc\u0113ja ties\u012bbas<\/h2>\t\t\t\t<\/div>\n\t\t\t\t<div class=\"elementor-element elementor-element-44605f9 elementor-widget elementor-widget-text-editor\" data-id=\"44605f9\" data-element_type=\"widget\" data-e-type=\"widget\" data-widget_type=\"text-editor.default\">\n\t\t\t\t\t\t\t\t\t<div class=\"wp-block-paragraph-wrapper\">Pirc\u0113jam ir ties\u012bbas ieg\u0101d\u0101ties preces un pas\u016bt\u012bt pakalpojumus <a href=\"https:\/\/atvadas.lv\/\">www.atvadas.lv<\/a> \u0161o Noteikumu noteiktaj\u0101 k\u0101rt\u012bb\u0101.<\/div><div>\u00a0<\/div><div>Pirc\u0113jam ir ties\u012bbas atcelt pas\u016bt\u012bjumu \u0161o Noteikumu noteiktaj\u0101 k\u0101rt\u012bb\u0101.<\/div><div>\u00a0<\/div><div>Pirc\u0113jam ir ties\u012bbas atk\u0101pties no L\u012bguma \u0161o Noteikumu noteiktaj\u0101 k\u0101rt\u012bb\u0101.<\/div><div>\u00a0<\/div><div>Pirc\u0113jam ir ties\u012bbas ieg\u0101d\u0101t\u0101s preces apmain\u012bt vai atdot atpaka\u013c \u0161o Noteikumu noteiktaj\u0101 k\u0101rt\u012bb\u0101.<\/div><div>\u00a0<\/div><div>Pirc\u0113jam ir citas ties\u012bbas, kas noteiktas \u0161ajos Noteikumos, Priv\u0101tuma politik\u0101, <a href=\"https:\/\/atvadas.lv\/\">www.atvadas.lv<\/a> izmanto\u0161anas noteikumos un Latvijas Republikas ties\u012bbu aktos.<\/div>\t\t\t\t\t\t\t\t<\/div>\n\t\t\t\t<div class=\"elementor-element elementor-element-b47bdd7 elementor-widget elementor-widget-heading\" data-id=\"b47bdd7\" data-element_type=\"widget\" data-e-type=\"widget\" data-widget_type=\"heading.default\">\n\t\t\t\t\t<h2 class=\"elementor-heading-title elementor-size-default\">Pirc\u0113ja saist\u012bbas<\/h2>\t\t\t\t<\/div>\n\t\t\t\t<div class=\"elementor-element elementor-element-164e4e1 elementor-widget elementor-widget-text-editor\" data-id=\"164e4e1\" data-element_type=\"widget\" data-e-type=\"widget\" data-widget_type=\"text-editor.default\">\n\t\t\t\t\t\t\t\t\t<div class=\"wp-block-paragraph-wrapper\">Pirc\u0113jam, izmantojot <a href=\"https:\/\/atvadas.lv\/\">www.atvadas.lv<\/a> , j\u0101pilda savas saist\u012bbas, j\u0101iev\u0113ro \u0161ie Noteikumi, Priv\u0101tuma politika, <a href=\"https:\/\/atvadas.lv\/\">www.atvadas.lv<\/a> izmanto\u0161anas noteikumi, citi noteikumi, kuri skaidri nor\u0101d\u012bti <a href=\"https:\/\/atvadas.lv\/\">www.atvadas.lv<\/a>, un Pirc\u0113js nedr\u012bkst p\u0101rk\u0101pt Latvijas Republikas ties\u012bbu aktus.<\/div><div>\u00a0<\/div><div>Pirc\u0113jam ir j\u0101maks\u0101 par pas\u016bt\u012btaj\u0101m prec\u0113m vai pakalpojumiem un tie j\u0101pie\u0146em \u0161o Noteikumu noteiktaj\u0101 k\u0101rt\u012bb\u0101. Ja Pirc\u0113js izv\u0113las preces sa\u0146emt Veikal\u0101, Pirc\u0113jam t\u0101s izv\u0113l\u0113taj\u0101 Veikal\u0101 j\u0101iz\u0146em Noteikumos noteiktaj\u0101 termi\u0146\u0101.<\/div>\t\t\t\t\t\t\t\t<\/div>\n\t\t\t\t<div class=\"elementor-element elementor-element-4a90222 elementor-widget elementor-widget-heading\" data-id=\"4a90222\" data-element_type=\"widget\" data-e-type=\"widget\" data-widget_type=\"heading.default\">\n\t\t\t\t\t<h2 class=\"elementor-heading-title elementor-size-default\">Pre\u010du kvalit\u0101tes garantija un der\u012bguma termi\u0146\u0161<\/h2>\t\t\t\t<\/div>\n\t\t\t\t<div class=\"elementor-element elementor-element-ee4c5c6 elementor-widget elementor-widget-text-editor\" data-id=\"ee4c5c6\" data-element_type=\"widget\" data-e-type=\"widget\" data-widget_type=\"text-editor.default\">\n\t\t\t\t\t\t\t\t\t<div class=\"wp-block-paragraph-wrapper\">Katras <a href=\"https:\/\/atvadas.lv\/\">www.atvadas.lv<\/a> p\u0101rdodam\u0101s preces \u012bpa\u0161\u012bbas ir nor\u0101d\u012btas pie katras preces eso\u0161aj\u0101 aprakst\u0101.<\/div><div>\u00a0<\/div><div>Pieteikums par l\u012bguma nosac\u012bjumiem neatbilsto\u0161as preces atgrie\u0161anu piesak\u0101ms Ministru kabineta noteikumu Nr.631 \u201cK\u0101rt\u012bba, k\u0101d\u0101 piesak\u0101ms un izskat\u0101ms pat\u0113r\u0113t\u0101ja pras\u012bjums par l\u012bguma noteikumiem neatbilsto\u0161u preci vai pakalpojumu\u201d noteikt\u0101 k\u0101rt\u012bb\u0101, izmantojot Internetveikal\u0101 atv\u0113rto Pirc\u0113ja person\u012bgo nor\u0113\u0137inu kontu<\/div><div>\u00a0<\/div><div>P\u0101rdev\u0113ja pied\u0101v\u0101t\u0101s preces ir piem\u0113rotas kvalit\u0101tes. Prece atbilst pat\u0113r\u0113t\u0101ja pirkuma l\u012bgumam, ja:<\/div><div>\u00a0<\/div><div>prece atbilst P\u0101rdev\u0113ja dotajam aprakstam un tai ir t\u0101das pa\u0161as \u012bpa\u0161\u012bbas k\u0101 precei, ko p\u0101rdev\u0113js ir pied\u0101v\u0101jis k\u0101 piem\u0113ru vai modeli, reklam\u0113jot \u0161o preci <a href=\"https:\/\/atvadas.lv\/\">www.atvadas.lv<\/a><\/div><div>\u00a0<\/div><div>prece ir piem\u0113rota izmanto\u0161anai m\u0113r\u0137im, kuram t\u0101da veida preces parasti tiek izmantotas;<\/div><div>\u00a0<\/div><div>prece atbilst kvalit\u0101tes r\u0101d\u012bt\u0101jiem, kas parasti ir rakstur\u012bgi t\u0101da pa\u0161a veida prec\u0113m un kuru Pirc\u0113js var pamatoti gaid\u012bt p\u0113c pre\u010du veida un priek\u0161meta ra\u017eot\u0101ja, vi\u0146a p\u0101rst\u0101vja vai p\u0101rdev\u0113ja publiski sniegtajiem pazi\u0146ojumiem, ieskaitot rekl\u0101mu un priek\u0161metu mar\u0137\u0113jumu, par priek\u0161meta konkr\u0113taj\u0101m \u012bpa\u0161\u012bb\u0101m.<\/div><div>\u00a0<\/div><div>Ne P\u0101rdev\u0113js, ne <a href=\"https:\/\/atvadas.lv\/\">www.atvadas.lv<\/a> nav atbild\u012bgs par to, ka P\u0101rdev\u0113ja <a href=\"https:\/\/atvadas.lv\/\">www.atvadas.lv<\/a> p\u0101rdodam\u0101s preces p\u0113c izm\u0113ra, formas, kr\u0101sas vai citiem parametriem var neatbilst pre\u010du re\u0101lajam izm\u0113ram, formai, kr\u0101sai vai citiem parametriem Pirc\u0113ja izmantot\u0101 displeja \u012bpa\u0161\u012bbu vai citu tehnisku iemeslu d\u0113\u013c, kuri nav atkar\u012bgi no P\u0101rdev\u0113ja gribas. Pre\u010du att\u0113li paredz\u0113ti tikai ilustrat\u012bviem nol\u016bkiem un ir tikai piem\u0113ri. Ori\u0123in\u0101lo produktu kr\u0101sas, uzraksti, parametri, izm\u0113ri, izm\u0113ri, funkcijas un\/vai jebk\u0101das citas \u012bpa\u0161\u012bbas savu vizu\u0101lo \u012bpatn\u012bbu d\u0113\u013c var izskat\u012bties at\u0161\u0137ir\u012bgi nek\u0101 realit\u0101t\u0113, t\u0101p\u0113c l\u016bdzam vad\u012bties p\u0113c pre\u010du aprakstos nor\u0101d\u012btaj\u0101m pre\u010du \u012bpa\u0161\u012bb\u0101m. Pirc\u0113jam ir ieteicams izlas\u012bt preces aprakstu.<\/div><div>\u00a0<\/div><div>P\u0101rdev\u0113js da\u017e\u0101diem pre\u010du veidiem pie\u0161\u0137ir noteiktu termi\u0146u sp\u0113k\u0101 eso\u0161u kvalit\u0101tes garantiju, kuras konkr\u0113tais termi\u0146\u0161 un citi nosac\u012bjumi nor\u0101d\u012bti \u0161\u0101du pre\u010du aprakstos vai kop\u0101 ar preces r\u0113\u0137inu, kas atbilst garantijas lapai.<\/div><div>\u00a0<\/div><div>P\u0101rdev\u0113ja pie\u0161\u0137irt\u0101 kvalit\u0101tes garantija neierobe\u017eo pat\u0113r\u0113t\u0101ju ties\u012bbas, kuras neatbilsto\u0161as kvalit\u0101tes preces vai pakalpojuma ieg\u0101des gad\u012bjum\u0101 vi\u0146iem nosaka ties\u012bbu akti.<\/div><div>\u00a0<\/div><div>P\u0101rdev\u0113js pats nenodro\u0161ina pre\u010du garantijas apkalpo\u0161anu (iz\u0146emot vienk\u0101r\u0161u preces darb\u012bbas p\u0101rbaudi, kam nav vajadz\u012bgas speci\u0101las zin\u0101\u0161anas):<\/div>\t\t\t\t\t\t\t\t<\/div>\n\t\t\t\t<div class=\"elementor-element elementor-element-3eeb6c5 elementor-widget elementor-widget-heading\" data-id=\"3eeb6c5\" data-element_type=\"widget\" data-e-type=\"widget\" data-widget_type=\"heading.default\">\n\t\t\t\t\t<h2 class=\"elementor-heading-title elementor-size-default\">Ties\u012bbas atk\u0101pties no pirkuma l\u012bguma, pre\u010du atpaka\u013catdo\u0161anas un apmain\u012b\u0161anas k\u0101rt\u012bba<\/h2>\t\t\t\t<\/div>\n\t\t\t\t<div class=\"elementor-element elementor-element-f2d6008 elementor-widget elementor-widget-text-editor\" data-id=\"f2d6008\" data-element_type=\"widget\" data-e-type=\"widget\" data-widget_type=\"text-editor.default\">\n\t\t\t\t\t\t\t\t\t<div class=\"wp-block-paragraph-wrapper\">Ja Pirc\u0113js atk\u0101pj\u0101s no pirkuma l\u012bguma, kam\u0113r prece vi\u0146am v\u0113l nav pieg\u0101d\u0101ta, Pirc\u0113jam ir j\u0101inform\u0113 par to <a href=\"https:\/\/atvadas.lv\/\">www.atvadas.lv<\/a> , izmantojot vietn\u0113 nor\u0101d\u012bto kontaktinform\u0101ciju. Pirc\u0113ja atteikums tiek noform\u0113ts k\u0101 pas\u016bt\u012bjuma anul\u0113\u0161ana, un par to tiek inform\u0113ts P\u0101rdev\u0113js.<\/div>\t\t\t\t\t\t\t\t<\/div>\n\t\t\t\t<div class=\"elementor-element elementor-element-1fb0436 elementor-widget elementor-widget-heading\" data-id=\"1fb0436\" data-element_type=\"widget\" data-e-type=\"widget\" data-widget_type=\"heading.default\">\n\t\t\t\t\t<h2 class=\"elementor-heading-title elementor-size-default\">Pre\u010du un naudas atdo\u0161anas k\u0101rt\u012bba<\/h2>\t\t\t\t<\/div>\n\t\t\t\t<div class=\"elementor-element elementor-element-b7e7fd3 elementor-widget elementor-widget-text-editor\" data-id=\"b7e7fd3\" data-element_type=\"widget\" data-e-type=\"widget\" data-widget_type=\"text-editor.default\">\n\t\t\t\t\t\t\t\t\t<div class=\"wp-block-paragraph-wrapper\">Sakar\u0101 ar no P\u0101rdev\u0113jiem nopirkto pre\u010du atdo\u0161anu Pirc\u0113jam ir ties\u012bbas v\u0113rsties tie\u0161i pie konkr\u0113t\u0101 P\u0101rdev\u0113ja, no kura prece ir ieg\u0101d\u0101ta, vai vietn\u0113 <a href=\"https:\/\/atvadas.lv\/\">www.atvadas.lv<\/a> <\/div>\t\t\t\t\t\t\t\t<\/div>\n\t\t\t\t<div class=\"elementor-element elementor-element-30df3c0 elementor-widget elementor-widget-heading\" data-id=\"30df3c0\" data-element_type=\"widget\" data-e-type=\"widget\" data-widget_type=\"heading.default\">\n\t\t\t\t\t<h2 class=\"elementor-heading-title elementor-size-default\">Atteikuma ties\u012bbas<\/h2>\t\t\t\t<\/div>\n\t\t\t\t<div class=\"elementor-element elementor-element-50e86d7 elementor-widget elementor-widget-text-editor\" data-id=\"50e86d7\" data-element_type=\"widget\" data-e-type=\"widget\" data-widget_type=\"text-editor.default\">\n\t\t\t\t\t\t\t\t\t<p>Atteikuma ties\u012bbas ir izmantojamas\u00a014 dienu laik\u0101:<\/p><ul><li>no l\u012bguma nosl\u0113g\u0161anas dienas &#8211; ja nosl\u0113gts l\u012bgums par pakalpojuma snieg\u0161anu<\/li><li>no preces pieg\u0101des dienas &#8211; ja pas\u016bt\u012bta prece<\/li><li>no p\u0113d\u0113j\u0101s preces pieg\u0101des dienas &#8211; ja pas\u016bt\u012bjum\u0101 iek\u013cautas vair\u0101kas preces<\/li><li>no p\u0113d\u0113j\u0101s preces partijas vai da\u013cas pieg\u0101des dienas &#8211; ja pieg\u0101de veicama pa partij\u0101m vai da\u013c\u0101m<\/li><li>no pirm\u0101s preces pieg\u0101des dienas &#8211; ja l\u012bgum\u0101 paredz\u0113ta regul\u0101ra pre\u010du pieg\u0101de<\/li><\/ul><p>\u00a0<\/p><p>Atteikuma ties\u012bbas ir izmantojamas\u00a01 gada laik\u0101, ja tirgot\u0101js nav inform\u0113jis par atteikuma ties\u012bb\u0101m un nav nodro\u0161in\u0101jis\u00a0&#8220;atteikuma veidlapu&#8221;<\/p><p>Atteikuma ties\u012bbu izmanto\u0161anas sekas:<\/p><ul><li>L\u012bgumu izbeig\u0161an\u0101s\u00a0&#8211; tiek izbeigts nosl\u0113gtais distances l\u012bgums un visi ar to saist\u012btie papildu l\u012bgumi<\/li><li>Pieg\u0101d\u0101t\u0101s preces\u00a0&#8211; pat\u0113r\u0113t\u0101js\u00a014 dienu\u00a0laik\u0101 no\u00a0&#8220;pazi\u0146ojuma par atteikumu&#8221;\u00a0nos\u016bt\u012b\u0161anas vai iesnieg\u0161anas dienas nog\u0101d\u0101 vai nos\u016bta tirgot\u0101jam sa\u0146emt\u0101s preces<\/li><li>Pat\u0113r\u0113t\u0101ja veiktie maks\u0101jumi\u00a0&#8211; tirgot\u0101js\u00a014 dienu\u00a0laik\u0101 no\u00a0&#8220;pazi\u0146ojuma par atteikumu&#8221;\u00a0sa\u0146em\u0161anas dienas atmaks\u0101 pat\u0113r\u0113t\u0101jam visus par pas\u016bt\u012bjumu veiktos maks\u0101jums, iz\u0146emot summu, kas p\u0101rsniedz tirgot\u0101ja pied\u0101v\u0101t\u0101s\u00a0&#8220;parast\u0101s&#8221;\u00a0pieg\u0101des izmaksas<\/li><li>Tirgot\u0101js ir ties\u012bgs aiztur\u0113t atmaksu pat\u0113r\u0113t\u0101jam l\u012bdz preces vai t\u0101s nos\u016bt\u012b\u0161anu apliecino\u0161u dokumentu sa\u0146em\u0161anai<\/li><\/ul><p>\u00a0<\/p><p>Atteik\u0161an\u0101s no pakalpojuma:<\/p><p>Pat\u0113r\u0113t\u0101js nevar atteikties\u00a0no piln\u012bb\u0101 sniegta pakalpojuma\u00a0&#8211; ja pakalpojuma snieg\u0161ana atteikuma ties\u012bbu termi\u0146\u0101<\/p><ul><li>ir uzs\u0101kta ar skaidru pat\u0113r\u0113t\u0101ja piekri\u0161anu un<\/li><li>pakalpojuma sniedz\u0113js ir sa\u0146\u0113mis apliecin\u0101jumu par atteikuma ties\u012bbu zaud\u0113\u0161anu<\/li><\/ul><p>\u00a0<\/p><p>Pat\u0113r\u0113t\u0101js var atteikties\u00a0no pakalpojuma, kura snieg\u0161ana nav pabeigta\u00a0&#8211; ja pakalpojuma snieg\u0161ana atteikuma ties\u012bbu termi\u0146\u0101:<\/p><ul><li>ir uzs\u0101kta ar skaidru pat\u0113r\u0113t\u0101ja piekri\u0161anu<\/li><li>Pat\u0113r\u0113t\u0101jam ir j\u0101maks\u0101 proporcion\u0101la maksa par atteikuma ties\u012bbu laik\u0101 sa\u0146emto pakalpojumu &#8211; ja tirgot\u0101js par to ir inform\u0113jis pat\u0113r\u0113t\u0101ju<\/li><\/ul>\t\t\t\t\t\t\t\t<\/div>\n\t\t\t\t\t<\/div>\n\t\t<\/div>\n\t\t\t\t\t<\/div>\n\t\t<\/section>\n\t\t\t\t<\/div>\n\t\t","protected":false},"excerpt":{"rendered":"<p>M\u016bsu lieto\u0161anas noteikumi J\u0113dzieni \u201cP\u0101rdev\u0113js\u201d \u2013 Pre\u010du pas\u016bt\u012bjum\u0101 nor\u0101d\u012bt\u0101 fizisk\u0101 vai juridisk\u0101 persona, kuras preces tiek p\u0101rdotas vietn\u0113 www.atvadas.lv saska\u0146\u0101 ar \u0161iem Noteikumiem un kur\u0161 ir atbild\u012bgs par Pirc\u0113ja pas\u016bt\u012bjuma izpildi. Pre\u010du pas\u016bt\u012bjum\u0101 j\u0101nor\u0101da P\u0101rdev\u0113ja, ar kuru tiek nosl\u0113gts attiec\u012bg\u0101s preces pirkuma l\u012bgums saska\u0146\u0101 ar \u0161iem Noteikumiem, rekviz\u012bti. \u201cPirc\u0113js\u201d \u2013 1) r\u012bc\u012bbsp\u0113j\u012bga fiziska persona, t. [&hellip;]<\/p>\n","protected":false},"author":1,"featured_media":0,"parent":0,"menu_order":0,"comment_status":"closed","ping_status":"closed","template":"","meta":{"_eb_attr":"","_glsr_average":0,"_glsr_ranking":0,"_glsr_reviews":0,"footnotes":""},"class_list":["post-13349","page","type-page","status-publish","hentry"],"_links":{"self":[{"href":"https:\/\/atvadas.lv\/lv\/wp-json\/wp\/v2\/pages\/13349","targetHints":{"allow":["GET"]}}],"collection":[{"href":"https:\/\/atvadas.lv\/lv\/wp-json\/wp\/v2\/pages"}],"about":[{"href":"https:\/\/atvadas.lv\/lv\/wp-json\/wp\/v2\/types\/page"}],"author":[{"embeddable":true,"href":"https:\/\/atvadas.lv\/lv\/wp-json\/wp\/v2\/users\/1"}],"replies":[{"embeddable":true,"href":"https:\/\/atvadas.lv\/lv\/wp-json\/wp\/v2\/comments?post=13349"}],"version-history":[{"count":0,"href":"https:\/\/atvadas.lv\/lv\/wp-json\/wp\/v2\/pages\/13349\/revisions"}],"wp:attachment":[{"href":"https:\/\/atvadas.lv\/lv\/wp-json\/wp\/v2\/media?parent=13349"}],"curies":[{"name":"wp","href":"https:\/\/api.w.org\/{rel}","templated":true}]}}